{"id":289,"date":"2020-10-12T23:02:45","date_gmt":"2020-10-12T21:02:45","guid":{"rendered":"http:\/\/www.ryadsalama.com\/?product=aubergine"},"modified":"2020-10-26T19:40:41","modified_gmt":"2020-10-26T18:40:41","slug":"aubergine","status":"publish","type":"product","link":"http:\/\/www.ryadsalama.com\/?product=aubergine&lang=es","title":{"rendered":"Aubergine"},"content":{"rendered":"<p>[vc_row][vc_column width=\u00a0\u00bb1\/3&Prime;][vc_column_text]<\/p>\n<p><u>Primavera \/ Oto\u00f1o :<\/u> Del 01 de noviembre al 15 de noviembre a partir del 1 de marzo \u00a0al 30 de junio Del 1 de septiembre al 31 de octubre <strong>137 \u20ac (1507 Dhs)<\/strong> <u>Verano :<\/u> Del 1 de julio al 31 de agosto <strong>129 \u20ac (1419 Dhs)<\/strong> <u>Invierno :<\/u> Del 16 de noviembre al 19 de diciembre <strong>120 \u20ac (1320 Dhs)<\/strong> <u>Fin de a\u00f1o :<\/u> Del 20 de diciembre al 6 de enero <strong>150 \u20ac (1650 Dhs)<\/strong> <u>Fes Festival de M\u00fasica Sacra del Mundo :<\/u> Las fechas var\u00edan por a\u00f1os <strong>150 \u20ac (1650 Dhs)<\/strong><\/p>\n<p>[\/vc_column_text][vc_raw_html]PHA+PGEgaHJlZj0iaHR0cHM6Ly9hcHAudGhlYm9va2luZ2J1dHRvbi5jb20vcHJvcGVydGllcy9yeWFkc2FsYW1hZGlyZWN0P2xvY2FsZT1lcyIgdGFyZ2V0PSJfYmxhbmsiIHJlbD0ibm9vcGVuZXIiPjxpbWcgc3JjPSJodHRwOi8vd3d3LnJ5YWRzYWxhbWEuY29tL2JvdXRvbi1yZXNlcnZlci5wbmciIHdpZHRoPSIyMDBweCIgLz48L2E+PC9wPg==[\/vc_raw_html][\/vc_column][vc_column width=\u00a0\u00bb2\/3&Prime;][vc_row_inner][vc_column_inner width=\u00a0\u00bb1\/4&Prime;][vc_column_text]<\/p>\n<p><img loading=\"lazy\" class=\"alignnone size-full wp-image-80\" style=\"vertical-align: middle;\" src=\"http:\/\/ryadsalama.com\/wp-content\/uploads\/picto_double.png\" alt=\"\" width=\"30\" height=\"30\" \/>\u00a0Cama tama\u00f1o king size<\/p>\n<p>[\/vc_column_text][vc_column_text]<\/p>\n<p><img loading=\"lazy\" class=\"alignnone size-full wp-image-80\" style=\"vertical-align: middle;\" src=\"http:\/\/ryadsalama.com\/wp-content\/uploads\/salon.png\" alt=\"\" width=\"30\" height=\"30\" \/>\u00a0Sala de estar<\/p>\n<p>[\/vc_column_text][\/vc_column_inner][vc_column_inner width=\u00a0\u00bb1\/4&Prime;][vc_column_text]<\/p>\n<p><img loading=\"lazy\" class=\"alignnone size-full wp-image-80\" style=\"vertical-align: middle;\" src=\"http:\/\/ryadsalama.com\/wp-content\/uploads\/picto_baignoire.png\" alt=\"\" width=\"30\" height=\"30\" \/> Ba\u00f1era<\/p>\n<p>[\/vc_column_text][vc_column_text]<\/p>\n<p><img loading=\"lazy\" class=\"alignnone size-full wp-image-80\" style=\"vertical-align: middle;\" src=\"http:\/\/ryadsalama.com\/wp-content\/uploads\/sechecheveux.png\" alt=\"\" width=\"30\" height=\"30\" \/>\u00a0Secador<\/p>\n<p>[\/vc_column_text][\/vc_column_inner][vc_column_inner width=\u00a0\u00bb1\/4&Prime;][vc_column_text]<\/p>\n<p><img loading=\"lazy\" class=\"alignnone size-full wp-image-80\" style=\"vertical-align: middle;\" src=\"http:\/\/ryadsalama.com\/wp-content\/uploads\/picto_clim.png\" alt=\"\" width=\"30\" height=\"30\" \/>\u00a0Aire acondicionado<\/p>\n<p>[\/vc_column_text][vc_column_text]<\/p>\n<p><img loading=\"lazy\" class=\"alignnone size-full wp-image-80\" style=\"vertical-align: middle;\" src=\"http:\/\/ryadsalama.com\/wp-content\/uploads\/coffrefort.png\" alt=\"\" width=\"30\" height=\"30\" \/>\u00a0Caja fuerte<\/p>\n<p>[\/vc_column_text][\/vc_column_inner][vc_column_inner width=\u00a0\u00bb1\/4&Prime;][vc_column_text]<\/p>\n<p><img loading=\"lazy\" class=\"alignnone size-full wp-image-80\" style=\"vertical-align: middle;\" src=\"http:\/\/ryadsalama.com\/wp-content\/uploads\/tv.png\" alt=\"\" width=\"30\" height=\"30\" \/>\u00a0Televisi\u00f3n por sat\u00e9lite<\/p>\n<p>[\/vc_column_text][vc_column_text]<\/p>\n<p><img loading=\"lazy\" class=\"alignnone size-full wp-image-80\" style=\"vertical-align: middle;\" src=\"http:\/\/ryadsalama.com\/wp-content\/uploads\/wifi.png\" alt=\"\" width=\"30\" height=\"30\" \/>\u00a0Wifi gratuito<\/p>\n<p>[\/vc_column_text][vc_column_text]<\/p>\n<p><img loading=\"lazy\" class=\"alignnone size-full wp-image-80\" style=\"vertical-align: middle;\" src=\"http:\/\/ryadsalama.com\/wp-content\/uploads\/picto_pdj.png\" alt=\"\" width=\"30\" height=\"30\" \/>\u00a0Desayuno incluido<\/p>\n<p>[\/vc_column_text][\/vc_column_inner][\/vc_row_inner][\/vc_column][\/vc_row]<\/p>\n","protected":false},"excerpt":{"rendered":"<p>Situado en la planta baja, el suite Grenadine dispone de una cama de matrimonio extra grande &lsquo;baldaquir&rsquo;, sal\u00f3n, entre-planta con cama adicional y un sal\u00f3n de lectura. Ba\u00f1o privado con inodoro independiente.<\/p>\n","protected":false},"featured_media":293,"comment_status":"closed","ping_status":"closed","template":"","meta":[],"_links":{"self":[{"href":"http:\/\/www.ryadsalama.com\/index.php?rest_route=\/wp\/v2\/product\/289"}],"collection":[{"href":"http:\/\/www.ryadsalama.com\/index.php?rest_route=\/wp\/v2\/product"}],"about":[{"href":"http:\/\/www.ryadsalama.com\/index.php?rest_route=\/wp\/v2\/types\/product"}],"replies":[{"embeddable":true,"href":"http:\/\/www.ryadsalama.com\/index.php?rest_route=%2Fwp%2Fv2%2Fcomments&post=289"}],"wp:featuredmedia":[{"embeddable":true,"href":"http:\/\/www.ryadsalama.com\/index.php?rest_route=\/wp\/v2\/media\/293"}],"wp:attachment":[{"href":"http:\/\/www.ryadsalama.com\/index.php?rest_route=%2Fwp%2Fv2%2Fmedia&parent=289"}],"curies":[{"name":"wp","href":"https:\/\/api.w.org\/{rel}","templated":true}]}}