{"id":197,"date":"2020-10-12T22:44:46","date_gmt":"2020-10-12T20:44:46","guid":{"rendered":"http:\/\/www.ryadsalama.com\/?post_type=product&#038;p=197"},"modified":"2025-04-22T22:24:24","modified_gmt":"2025-04-22T20:24:24","slug":"capucine","status":"publish","type":"product","link":"http:\/\/www.ryadsalama.com\/?product=capucine","title":{"rendered":"Capucine"},"content":{"rendered":"<p>[vc_row][vc_column width=\u00a0\u00bb1\/3&Prime;][vc_column_text]Printemps \/ Automne : <strong>122 \u20ac<\/strong><br \/>\nFin d&rsquo;ann\u00e9e \/ P\u00e2ques : <strong>133 \u20ac<\/strong><br \/>\nEt\u00e9 : <strong>109 \u20ac<br \/>\n<\/strong>Hiver : <strong>98 \u20ac<\/strong><\/p>\n<hr \/>\n<p>[\/vc_column_text][vc_row_inner][vc_column_inner width=\u00a0\u00bb1\/2&Prime;][vc_column_text]<span style=\"text-decoration: underline; color: #993333;\">Printemps \/ Automne :<\/span><br \/>\nDu 01\/11 au 15\/11<br \/>\nDu 01\/03 au 30\/06<br \/>\nDu 01\/09 au 31\/10<\/p>\n<p><span style=\"text-decoration: underline; color: #993333; list-style-type: square;\">Et\u00e9 :<\/span><br \/>\nDu 01\/07\u00a0 au 31\/08<\/p>\n<p><span style=\"text-decoration: underline; color: #993333; list-style-type: square;\">Hiver :<\/span><br \/>\nDu 16\/11 au 20\/12<br \/>\nDu 08\/01 au 29\/02[\/vc_column_text][\/vc_column_inner][vc_column_inner width=\u00a0\u00bb1\/2&Prime;][vc_column_text]<span style=\"text-decoration: underline; color: #993333; list-style-type: square;\">Fin d&rsquo;ann\u00e9e :<\/span><br \/>\nDu 21\/12 au 07\/01<\/p>\n<p><span style=\"text-decoration: underline; color: #993333; list-style-type: square;\">P\u00e2ques :<\/span><br \/>\nDu 18\/04 au 21\/04<\/p>\n<hr \/>\n<p>Lit supp. : 33 \u20ac[\/vc_column_text][\/vc_column_inner][\/vc_row_inner][vc_raw_html]JTNDYSUyMGhyZWYlM0QlMjJodHRwcyUzQSUyRiUyRmFwcC50aGVib29raW5nYnV0dG9uLmNvbSUyRnByb3BlcnRpZXMlMkZyeWFkc2FsYW1hZGlyZWN0JTNGbG9jYWxlJTNEZnIlMjIlMjB0YXJnZXQlM0QlMjJfYmxhbmslMjIlMjBhbHQlM0QlMjJSZXNlcnZhdGlvbiUyMGVuJTIwbGlnbmUlMjIlMjAlM0UlM0NpbWclMjBzcmMlM0QlMjJodHRwJTNBJTJGJTJGd3d3LnJ5YWRzYWxhbWEuY29tJTJGYm91dG9uLXJlc2VydmVyLnBuZyUyMiUyMCUyMHdpZHRoJTNEJTIyMjAwcHglMjIlM0UlM0MlMkZhJTNF[\/vc_raw_html][\/vc_column][vc_column width=\u00a0\u00bb2\/3&Prime;][vc_row_inner][vc_column_inner width=\u00a0\u00bb1\/4&Prime;][vc_column_text]<img loading=\"lazy\" class=\"size-full wp-image-86 alignleft\" style=\"vertical-align: middle;\" src=\"http:\/\/ryadsalama.com\/wp-content\/uploads\/picto_double.png\" alt=\"\" width=\"30\" height=\"30\" \/>\u00a0Lit \u00ab\u00a0King size\u00a0\u00bb ou possibilit\u00e9 de lits jumeaux[\/vc_column_text][vc_column_text]<img loading=\"lazy\" class=\"alignnone size-full wp-image-80\" style=\"vertical-align: middle;\" src=\"http:\/\/ryadsalama.com\/wp-content\/uploads\/salon.png\" alt=\"\" width=\"30\" height=\"30\" \/>\u00a0Coin salon[\/vc_column_text][\/vc_column_inner][vc_column_inner width=\u00a0\u00bb1\/4&Prime;][vc_column_text]<img loading=\"lazy\" class=\"alignnone size-full wp-image-80\" style=\"vertical-align: middle;\" src=\"http:\/\/ryadsalama.com\/wp-content\/uploads\/wc.png\" alt=\"\" width=\"30\" height=\"30\" \/>\u00a0WC S\u00e9par\u00e9[\/vc_column_text][vc_column_text]<img loading=\"lazy\" class=\"alignnone size-full wp-image-80\" style=\"vertical-align: middle;\" src=\"http:\/\/ryadsalama.com\/wp-content\/uploads\/douche.png\" alt=\"\" width=\"30\" height=\"30\" \/>\u00a0Douche[\/vc_column_text][vc_column_text]<img loading=\"lazy\" class=\"alignnone size-full wp-image-80\" style=\"vertical-align: middle;\" src=\"http:\/\/ryadsalama.com\/wp-content\/uploads\/sechecheveux.png\" alt=\"\" width=\"30\" height=\"30\" \/>\u00a0S\u00e8che cheveux[\/vc_column_text][\/vc_column_inner][vc_column_inner width=\u00a0\u00bb1\/4&Prime;][vc_column_text]<img loading=\"lazy\" class=\"alignnone size-full wp-image-80\" style=\"vertical-align: middle;\" src=\"http:\/\/ryadsalama.com\/wp-content\/uploads\/picto_clim.png\" alt=\"\" width=\"30\" height=\"30\" \/>\u00a0Climatisation[\/vc_column_text][vc_column_text]<img loading=\"lazy\" class=\"alignnone size-full wp-image-80\" style=\"vertical-align: middle;\" src=\"http:\/\/ryadsalama.com\/wp-content\/uploads\/coffrefort.png\" alt=\"\" width=\"30\" height=\"30\" \/>\u00a0Coffre fort[\/vc_column_text][\/vc_column_inner][vc_column_inner width=\u00a0\u00bb1\/4&Prime;][vc_column_text]<img loading=\"lazy\" class=\"alignnone size-full wp-image-80\" style=\"vertical-align: middle;\" src=\"http:\/\/ryadsalama.com\/wp-content\/uploads\/tv.png\" alt=\"\" width=\"30\" height=\"30\" \/>\u00a0T\u00e9l\u00e9vision satellite[\/vc_column_text][vc_column_text]<img loading=\"lazy\" class=\"alignnone size-full wp-image-80\" style=\"vertical-align: middle;\" src=\"http:\/\/ryadsalama.com\/wp-content\/uploads\/wifi.png\" alt=\"\" width=\"30\" height=\"30\" \/>\u00a0Wifi gratuit[\/vc_column_text][vc_column_text]<img loading=\"lazy\" class=\"alignnone size-full wp-image-80\" style=\"vertical-align: middle;\" src=\"http:\/\/ryadsalama.com\/wp-content\/uploads\/picto_pdj.png\" alt=\"\" width=\"30\" height=\"30\" \/>\u00a0Petit d\u00e9j. inclus[\/vc_column_text][\/vc_column_inner][\/vc_row_inner][\/vc_column][\/vc_row]<\/p>\n","protected":false},"excerpt":{"rendered":"<p>Situ\u00e9e au 1er \u00e9tage et \u00e9quip\u00e9e d\u2019un des plus grands\u00a0balcons du Ryad, qui donne sur le jardin et la piscine.<br \/>\nla chambre Capucine est d\u00e9cor\u00e9e de bois de thuyas,\u00a0sp\u00e9cialit\u00e9 de la r\u00e9gion d\u2019Essaouira. Espace salon,\u00a0lit \u00ab\u00a0king size\u00a0\u00bb ou lits s\u00e9par\u00e9s\u00a0et salle de bain avec douche et WC s\u00e9par\u00e9.<\/p>\n","protected":false},"featured_media":198,"comment_status":"closed","ping_status":"closed","template":"","meta":[],"_links":{"self":[{"href":"http:\/\/www.ryadsalama.com\/index.php?rest_route=\/wp\/v2\/product\/197"}],"collection":[{"href":"http:\/\/www.ryadsalama.com\/index.php?rest_route=\/wp\/v2\/product"}],"about":[{"href":"http:\/\/www.ryadsalama.com\/index.php?rest_route=\/wp\/v2\/types\/product"}],"replies":[{"embeddable":true,"href":"http:\/\/www.ryadsalama.com\/index.php?rest_route=%2Fwp%2Fv2%2Fcomments&post=197"}],"wp:featuredmedia":[{"embeddable":true,"href":"http:\/\/www.ryadsalama.com\/index.php?rest_route=\/wp\/v2\/media\/198"}],"wp:attachment":[{"href":"http:\/\/www.ryadsalama.com\/index.php?rest_route=%2Fwp%2Fv2%2Fmedia&parent=197"}],"curies":[{"name":"wp","href":"https:\/\/api.w.org\/{rel}","templated":true}]}}