{"id":185,"date":"2020-10-12T22:19:38","date_gmt":"2020-10-12T20:19:38","guid":{"rendered":"http:\/\/www.ryadsalama.com\/?post_type=product&#038;p=185"},"modified":"2025-04-22T22:27:34","modified_gmt":"2025-04-22T20:27:34","slug":"clementine","status":"publish","type":"product","link":"http:\/\/www.ryadsalama.com\/?product=clementine","title":{"rendered":"Clementine"},"content":{"rendered":"<p>[vc_row][vc_column width=\u00a0\u00bb1\/3&Prime;][vc_column_text]Printemps \/ Automne : <strong>122 \u20ac<\/strong><br \/>\nFin d&rsquo;ann\u00e9e \/ P\u00e2ques : <strong>133 \u20ac<\/strong><br \/>\nEt\u00e9 : <strong>109 \u20ac<br \/>\n<\/strong>Hiver : <strong>98 \u20ac<\/strong><\/p>\n<hr \/>\n<p>[\/vc_column_text][vc_row_inner][vc_column_inner width=\u00a0\u00bb1\/2&Prime;][vc_column_text]<span style=\"text-decoration: underline; color: #993333;\">Printemps \/ Automne :<\/span><br \/>\nDu 01\/11 au 15\/11<br \/>\nDu 01\/03 au 30\/06<br \/>\nDu 01\/09 au 31\/10<\/p>\n<p><span style=\"text-decoration: underline; color: #993333; list-style-type: square;\">Et\u00e9 :<\/span><br \/>\nDu 01\/07\u00a0 au 31\/08<\/p>\n<p><span style=\"text-decoration: underline; color: #993333; list-style-type: square;\">Hiver :<\/span><br \/>\nDu 16\/11 au 20\/12<br \/>\nDu 08\/01 au 29\/02[\/vc_column_text][\/vc_column_inner][vc_column_inner width=\u00a0\u00bb1\/2&Prime;][vc_column_text]<span style=\"text-decoration: underline; color: #993333; list-style-type: square;\">Fin d&rsquo;ann\u00e9e :<\/span><br \/>\nDu 21\/12 au 07\/01<\/p>\n<p><span style=\"text-decoration: underline; color: #993333; list-style-type: square;\">P\u00e2ques :<\/span><br \/>\nDu 18\/04 au 21\/04<\/p>\n<hr \/>\n<p>Lit supp. : 33 \u20ac[\/vc_column_text][\/vc_column_inner][\/vc_row_inner][vc_raw_html]JTNDYSUyMGhyZWYlM0QlMjJodHRwcyUzQSUyRiUyRmFwcC50aGVib29raW5nYnV0dG9uLmNvbSUyRnByb3BlcnRpZXMlMkZyeWFkc2FsYW1hZGlyZWN0JTIyJTIwdGFyZ2V0JTNEJTIyX2JsYW5rJTIyJTIwYWx0JTNEJTIyUmVzZXJ2YXRpb24lMjBlbiUyMGxpZ25lJTIyJTIwJTNFJTNDaW1nJTIwc3JjJTNEJTIyaHR0cCUzQSUyRiUyRnd3dy5yeWFkc2FsYW1hLmNvbSUyRmJvdXRvbi1yZXNlcnZlci5wbmclMjIlMjAlMjB3aWR0aCUzRCUyMjIwMHB4JTIyJTNFJTNDJTJGYSUzRQ==[\/vc_raw_html][\/vc_column][vc_column width=\u00a0\u00bb2\/3&Prime;][vc_row_inner][vc_column_inner width=\u00a0\u00bb1\/4&Prime;][vc_column_text]<img loading=\"lazy\" class=\"alignnone size-full wp-image-80\" style=\"vertical-align: middle;\" src=\"http:\/\/ryadsalama.com\/wp-content\/uploads\/picto_twin.png\" alt=\"\" width=\"30\" height=\"30\" \/> Lit double[\/vc_column_text][vc_column_text]<img loading=\"lazy\" class=\"alignnone size-full wp-image-80\" style=\"vertical-align: middle;\" src=\"http:\/\/ryadsalama.com\/wp-content\/uploads\/salon.png\" alt=\"\" width=\"30\" height=\"30\" \/>\u00a0Coin salon[\/vc_column_text][\/vc_column_inner][vc_column_inner width=\u00a0\u00bb1\/4&Prime;][vc_column_text]<img loading=\"lazy\" class=\"alignnone size-full wp-image-80\" style=\"vertical-align: middle;\" src=\"http:\/\/ryadsalama.com\/wp-content\/uploads\/douche.png\" alt=\"\" width=\"30\" height=\"30\" \/>\u00a0Douche[\/vc_column_text][vc_column_text]<img loading=\"lazy\" class=\"alignnone size-full wp-image-80\" style=\"vertical-align: middle;\" src=\"http:\/\/ryadsalama.com\/wp-content\/uploads\/sechecheveux.png\" alt=\"\" width=\"30\" height=\"30\" \/>\u00a0S\u00e8che cheveux[\/vc_column_text][\/vc_column_inner][vc_column_inner width=\u00a0\u00bb1\/4&Prime;][vc_column_text]<img loading=\"lazy\" class=\"alignnone size-full wp-image-80\" style=\"vertical-align: middle;\" src=\"http:\/\/ryadsalama.com\/wp-content\/uploads\/picto_clim.png\" alt=\"\" width=\"30\" height=\"30\" \/>\u00a0Climatisation[\/vc_column_text][vc_column_text]<img loading=\"lazy\" class=\"alignnone size-full wp-image-80\" style=\"vertical-align: middle;\" src=\"http:\/\/ryadsalama.com\/wp-content\/uploads\/coffrefort.png\" alt=\"\" width=\"30\" height=\"30\" \/>\u00a0Coffre fort[\/vc_column_text][\/vc_column_inner][vc_column_inner width=\u00a0\u00bb1\/4&Prime;][vc_column_text]<img loading=\"lazy\" class=\"alignnone size-full wp-image-80\" style=\"vertical-align: middle;\" src=\"http:\/\/ryadsalama.com\/wp-content\/uploads\/tv.png\" alt=\"\" width=\"30\" height=\"30\" \/>\u00a0T\u00e9l\u00e9vision satellite[\/vc_column_text][vc_column_text]<img loading=\"lazy\" class=\"alignnone size-full wp-image-80\" style=\"vertical-align: middle;\" src=\"http:\/\/ryadsalama.com\/wp-content\/uploads\/wifi.png\" alt=\"\" width=\"30\" height=\"30\" \/>\u00a0Wifi gratuit[\/vc_column_text][vc_column_text]<img loading=\"lazy\" class=\"alignnone size-full wp-image-80\" style=\"vertical-align: middle;\" src=\"http:\/\/ryadsalama.com\/wp-content\/uploads\/picto_pdj.png\" alt=\"\" width=\"30\" height=\"30\" \/>\u00a0Petit d\u00e9j. inclus[\/vc_column_text][\/vc_column_inner][vc_column_inner][\/vc_column_inner][\/vc_row_inner][\/vc_column][\/vc_row]<\/p>\n","protected":false},"excerpt":{"rendered":"<p>Situ\u00e9e au 1er \u00e9tage, cette chambre est meubl\u00e9e\u00a0d\u2019un lit double.<br \/>\nEspace loggia qui donne acc\u00e8s\u00a0\u00e0 un kiosque ext\u00e9rieur avec vue sur jardin.<br \/>\nSalle de bain avec douche et WC.<\/p>\n","protected":false},"featured_media":186,"comment_status":"closed","ping_status":"closed","template":"","meta":[],"_links":{"self":[{"href":"http:\/\/www.ryadsalama.com\/index.php?rest_route=\/wp\/v2\/product\/185"}],"collection":[{"href":"http:\/\/www.ryadsalama.com\/index.php?rest_route=\/wp\/v2\/product"}],"about":[{"href":"http:\/\/www.ryadsalama.com\/index.php?rest_route=\/wp\/v2\/types\/product"}],"replies":[{"embeddable":true,"href":"http:\/\/www.ryadsalama.com\/index.php?rest_route=%2Fwp%2Fv2%2Fcomments&post=185"}],"wp:featuredmedia":[{"embeddable":true,"href":"http:\/\/www.ryadsalama.com\/index.php?rest_route=\/wp\/v2\/media\/186"}],"wp:attachment":[{"href":"http:\/\/www.ryadsalama.com\/index.php?rest_route=%2Fwp%2Fv2%2Fmedia&parent=185"}],"curies":[{"name":"wp","href":"https:\/\/api.w.org\/{rel}","templated":true}]}}