{"id":82,"date":"2017-07-22T09:37:28","date_gmt":"2017-07-22T09:37:28","guid":{"rendered":"http:\/\/ryadsalama.com\/?page_id=82"},"modified":"2020-10-26T22:15:33","modified_gmt":"2020-10-26T21:15:33","slug":"restauration","status":"publish","type":"page","link":"http:\/\/www.ryadsalama.com\/?page_id=82","title":{"rendered":"Restauration"},"content":{"rendered":"<p>[vc_row][vc_column width=\u00a0\u00bb1\/3&Prime;][vc_images_carousel images=\u00a0\u00bb240,241&Prime; img_size=\u00a0\u00bbfull\u00a0\u00bb speed=\u00a0\u00bb2000&Prime; autoplay=\u00a0\u00bbyes\u00a0\u00bb hide_prev_next_buttons=\u00a0\u00bbyes\u00a0\u00bb wrap=\u00a0\u00bbyes\u00a0\u00bb css_animation=\u00a0\u00bbflipInX\u00a0\u00bb][\/vc_column][vc_column width=\u00a0\u00bb2\/3&Prime;][vc_column_text]<\/p>\n<h4><strong>Restauration<\/strong><\/h4>\n<p><strong>Les petits d\u00e9jeuners et les d\u00eeners sont servis dans la salle \u00e0 manger ou si le temps le permet, dans le jardin.<\/strong><br \/>\nPour le d\u00eener, nous vous proposons deux formules :<br \/>\n&#8211;\u00a0<strong>Formule \u00ab\u00a0Repas marocain complet\u00a0\u00bb \u00e0 23 \u20ac (250 Dhs)<\/strong><em>\u00a0&gt; une eau min\u00e9rale incluse<\/em><br \/>\n&#8211;\u00a0<strong>Formule \u00ab\u00a0Rapide\u00a0\u00bb (Assortiment de salades marocaines \u2013 dessert) \u00e0 14 \u20ac (150 Dhs) <\/strong><em>&gt; une eau min\u00e9rale incluse<\/em><br \/>\nNotre cuisinier parcourt le march\u00e9 quotidiennement et s\u00e9lectionne les meilleurs ingr\u00e9dients de saison, pour la confection de d\u00e9licieuses sp\u00e9cialit\u00e9s marocaines.<\/p>\n<p>[\/vc_column_text][\/vc_column][\/vc_row]<\/p>\n","protected":false},"excerpt":{"rendered":"<p>[vc_row][vc_column width=\u00a0\u00bb1\/3&Prime;][vc_images_carousel images=\u00a0\u00bb240,241&Prime; img_size=\u00a0\u00bbfull\u00a0\u00bb speed=\u00a0\u00bb2000&Prime; autoplay=\u00a0\u00bbyes\u00a0\u00bb hide_prev_next_buttons=\u00a0\u00bbyes\u00a0\u00bb wrap=\u00a0\u00bbyes\u00a0\u00bb css_animation=\u00a0\u00bbflipInX\u00a0\u00bb][\/vc_column][vc_column width=\u00a0\u00bb2\/3&Prime;][vc_column_text] Restauration Les petits d\u00e9jeuners et les d\u00eeners sont servis dans la salle \u00e0 manger ou si le temps le permet, dans le jardin. Pour le d\u00eener, nous vous proposons deux&#8230;<\/p>\n","protected":false},"author":1,"featured_media":0,"parent":0,"menu_order":0,"comment_status":"closed","ping_status":"closed","template":"","meta":[],"_links":{"self":[{"href":"http:\/\/www.ryadsalama.com\/index.php?rest_route=\/wp\/v2\/pages\/82"}],"collection":[{"href":"http:\/\/www.ryadsalama.com\/index.php?rest_route=\/wp\/v2\/pages"}],"about":[{"href":"http:\/\/www.ryadsalama.com\/index.php?rest_route=\/wp\/v2\/types\/page"}],"author":[{"embeddable":true,"href":"http:\/\/www.ryadsalama.com\/index.php?rest_route=\/wp\/v2\/users\/1"}],"replies":[{"embeddable":true,"href":"http:\/\/www.ryadsalama.com\/index.php?rest_route=%2Fwp%2Fv2%2Fcomments&post=82"}],"version-history":[{"count":5,"href":"http:\/\/www.ryadsalama.com\/index.php?rest_route=\/wp\/v2\/pages\/82\/revisions"}],"predecessor-version":[{"id":620,"href":"http:\/\/www.ryadsalama.com\/index.php?rest_route=\/wp\/v2\/pages\/82\/revisions\/620"}],"wp:attachment":[{"href":"http:\/\/www.ryadsalama.com\/index.php?rest_route=%2Fwp%2Fv2%2Fmedia&parent=82"}],"curies":[{"name":"wp","href":"https:\/\/api.w.org\/{rel}","templated":true}]}}