{"id":636,"date":"2024-12-19T12:38:12","date_gmt":"2024-12-19T11:38:12","guid":{"rendered":"http:\/\/www.ryadsalama.com\/?page_id=636"},"modified":"2025-04-22T23:04:18","modified_gmt":"2025-04-22T21:04:18","slug":"appartement","status":"publish","type":"page","link":"http:\/\/www.ryadsalama.com\/?page_id=636","title":{"rendered":"Appartement"},"content":{"rendered":"<p>[vc_row][vc_column width=\u00a0\u00bb2\/3&Prime;][vc_column_text css=\u00a0\u00bb.vc_custom_1741812169459{margin-bottom: 0px !important;border-bottom-width: 0px !important;padding-bottom: 0px !important;}\u00a0\u00bb]Le studio familial est un charmant petit appartement au sein du Ryad situ\u00e9 au second \u00e9tage, avec une grande pi\u00e8ce \u00e0 vivre, une chambre avec lit double, salle de bain privative, kitchenette et possibilit\u00e9 de deux lits suppl\u00e9mentaires.<\/p>\n<p>Un magnifique balcon surplombe le jardin et offre une vue plongeante sur la piscine.<\/p>\n<p>Ce logement permet de profiter de l&rsquo;ambiance du Ryad, nos h\u00f4tes peuvent s&rsquo;ils le souhaitent profiter de tous les services li\u00e9s au Ryad Salama o\u00f9 bien rester ind\u00e9pendants.[\/vc_column_text][vc_row_inner content_placement=\u00a0\u00bbtop\u00a0\u00bb css=\u00a0\u00bb.vc_custom_1741728258656{margin-top: 0px !important;border-top-width: 0px !important;padding-top: 0px !important;}\u00a0\u00bb][vc_column_inner width=\u00a0\u00bb1\/4&Prime;][vc_column_text]<img loading=\"lazy\" class=\"size-full wp-image-86 alignleft\" style=\"vertical-align: middle;\" src=\"http:\/\/ryadsalama.com\/wp-content\/uploads\/picto_double.png\" alt=\"\" width=\"30\" height=\"30\" \/>\u00a0Lit \u00ab\u00a0King size\u00a0\u00bb[\/vc_column_text][vc_column_text]<img loading=\"lazy\" class=\"alignnone size-full wp-image-80\" style=\"vertical-align: middle;\" src=\"http:\/\/ryadsalama.com\/wp-content\/uploads\/salon.png\" alt=\"\" width=\"30\" height=\"30\" \/> Salon[\/vc_column_text][vc_column_text]<img loading=\"lazy\" class=\"alignnone size-full wp-image-80\" style=\"vertical-align: middle;\" src=\"http:\/\/ryadsalama.com\/wp-content\/uploads\/coffrefort.png\" alt=\"\" width=\"30\" height=\"30\" \/>\u00a0Coffre fort[\/vc_column_text][\/vc_column_inner][vc_column_inner width=\u00a0\u00bb1\/4&Prime;][vc_column_text]<img loading=\"lazy\" class=\"alignnone size-full wp-image-80\" style=\"vertical-align: middle;\" src=\"http:\/\/ryadsalama.com\/wp-content\/uploads\/douche.png\" alt=\"\" width=\"30\" height=\"30\" \/> Douche[\/vc_column_text][vc_column_text]<img loading=\"lazy\" class=\"alignnone size-full wp-image-80\" style=\"vertical-align: middle;\" src=\"http:\/\/ryadsalama.com\/wp-content\/uploads\/sechecheveux.png\" alt=\"\" width=\"30\" height=\"30\" \/>\u00a0S\u00e8che cheveux[\/vc_column_text][\/vc_column_inner][vc_column_inner width=\u00a0\u00bb1\/4&Prime;][vc_column_text]<img loading=\"lazy\" class=\"alignnone size-full wp-image-80\" style=\"vertical-align: middle;\" src=\"http:\/\/ryadsalama.com\/wp-content\/uploads\/picto_clim.png\" alt=\"\" width=\"30\" height=\"30\" \/>\u00a0Climatisation[\/vc_column_text][vc_column_text]<img loading=\"lazy\" class=\"alignnone size-full wp-image-80\" style=\"vertical-align: middle;\" src=\"http:\/\/ryadsalama.com\/wp-content\/uploads\/tv.png\" alt=\"\" width=\"30\" height=\"30\" \/>\u00a0T\u00e9l\u00e9vision satellite[\/vc_column_text][\/vc_column_inner][vc_column_inner width=\u00a0\u00bb1\/4&Prime;][vc_column_text]<img loading=\"lazy\" class=\"alignnone size-full wp-image-80\" style=\"vertical-align: middle;\" src=\"http:\/\/ryadsalama.com\/wp-content\/uploads\/wifi.png\" alt=\"\" width=\"30\" height=\"30\" \/>\u00a0Wifi gratuit[\/vc_column_text][vc_column_text]<img loading=\"lazy\" class=\"alignnone size-full wp-image-80\" style=\"vertical-align: middle;\" src=\"http:\/\/ryadsalama.com\/wp-content\/uploads\/picto_pdj.png\" alt=\"\" width=\"30\" height=\"30\" \/>\u00a0Petit d\u00e9j. inclus[\/vc_column_text][\/vc_column_inner][\/vc_row_inner][vc_separator border_width=\u00a0\u00bb5&Prime;][vc_row_inner content_placement=\u00a0\u00bbtop\u00a0\u00bb][vc_column_inner width=\u00a0\u00bb1\/2&Prime;][vc_column_text css=\u00a0\u00bb.vc_custom_1745355699644{margin-top: 0px !important;margin-bottom: 0px !important;border-top-width: 0px !important;border-bottom-width: 0px !important;padding-top: 0px !important;padding-bottom: 0px !important;}\u00a0\u00bb]Appartement : <strong>120 \u20ac \/ nuit<\/strong><\/p>\n<p>Lit suppl\u00e9mentaire : <strong>33 \u20ac \/ lit \/nuit\u00e9e<\/strong><br \/>\n(2 lits suppl\u00e9mentaires possibles)[\/vc_column_text][\/vc_column_inner][vc_column_inner width=\u00a0\u00bb1\/2&Prime;][\/vc_column_inner][\/vc_row_inner][\/vc_column][vc_column width=\u00a0\u00bb1\/3&Prime;][vc_images_carousel images=\u00a0\u00bb641,644,647,650,653,656,659,662&Prime; img_size=\u00a0\u00bblarge\u00a0\u00bb autoplay=\u00a0\u00bbyes\u00a0\u00bb wrap=\u00a0\u00bbyes\u00a0\u00bb][\/vc_column][\/vc_row]<\/p>\n","protected":false},"excerpt":{"rendered":"<p>[vc_row][vc_column width=\u00a0\u00bb2\/3&Prime;][vc_column_text css=\u00a0\u00bb.vc_custom_1741812169459{margin-bottom: 0px !important;border-bottom-width: 0px !important;padding-bottom: 0px !important;}\u00a0\u00bb]Le studio familial est un charmant petit appartement au sein du Ryad situ\u00e9 au second \u00e9tage, avec une grande pi\u00e8ce \u00e0 vivre, une chambre avec lit double, salle de bain privative, kitchenette&#8230;<\/p>\n","protected":false},"author":1,"featured_media":0,"parent":0,"menu_order":0,"comment_status":"closed","ping_status":"closed","template":"","meta":[],"_links":{"self":[{"href":"http:\/\/www.ryadsalama.com\/index.php?rest_route=\/wp\/v2\/pages\/636"}],"collection":[{"href":"http:\/\/www.ryadsalama.com\/index.php?rest_route=\/wp\/v2\/pages"}],"about":[{"href":"http:\/\/www.ryadsalama.com\/index.php?rest_route=\/wp\/v2\/types\/page"}],"author":[{"embeddable":true,"href":"http:\/\/www.ryadsalama.com\/index.php?rest_route=\/wp\/v2\/users\/1"}],"replies":[{"embeddable":true,"href":"http:\/\/www.ryadsalama.com\/index.php?rest_route=%2Fwp%2Fv2%2Fcomments&post=636"}],"version-history":[{"count":30,"href":"http:\/\/www.ryadsalama.com\/index.php?rest_route=\/wp\/v2\/pages\/636\/revisions"}],"predecessor-version":[{"id":747,"href":"http:\/\/www.ryadsalama.com\/index.php?rest_route=\/wp\/v2\/pages\/636\/revisions\/747"}],"wp:attachment":[{"href":"http:\/\/www.ryadsalama.com\/index.php?rest_route=%2Fwp%2Fv2%2Fmedia&parent=636"}],"curies":[{"name":"wp","href":"https:\/\/api.w.org\/{rel}","templated":true}]}}