{"id":342,"date":"2020-10-14T11:53:22","date_gmt":"2020-10-14T09:53:22","guid":{"rendered":"http:\/\/www.ryadsalama.com\/?page_id=342"},"modified":"2020-10-14T11:53:23","modified_gmt":"2020-10-14T09:53:23","slug":"politica-de-cancelacion","status":"publish","type":"page","link":"http:\/\/www.ryadsalama.com\/?page_id=342&lang=es","title":{"rendered":"Pol\u00edtica de cancelaci\u00f3n"},"content":{"rendered":"<p>[vc_row][vc_column][vc_column_text]Pol\u00edtica de cancelaci\u00f3n Ryad SALAMA Fez:<\/p>\n<p>De 15 a 7 d\u00edas antes de la llegada = 50 % del importe total de la reserva<\/p>\n<p>De 7 a 3 d\u00edas antes de la llegada = 75 % del importe total de la reserva<\/p>\n<p>Menos de 3 d\u00edas antes de la llegada = 100 % del importe total de la reserva<\/p>\n<p>&nbsp;<\/p>\n<p>No presentarse = 100 % del importe total de la reserva[\/vc_column_text][\/vc_column][\/vc_row]<\/p>\n","protected":false},"excerpt":{"rendered":"<p>[vc_row][vc_column][vc_column_text]Pol\u00edtica de cancelaci\u00f3n Ryad SALAMA Fez: De 15 a 7 d\u00edas antes de la llegada = 50 % del importe total de la reserva De 7 a 3 d\u00edas antes de la llegada = 75 % del importe total de&#8230;<\/p>\n","protected":false},"author":1,"featured_media":0,"parent":0,"menu_order":0,"comment_status":"closed","ping_status":"closed","template":"","meta":[],"_links":{"self":[{"href":"http:\/\/www.ryadsalama.com\/index.php?rest_route=\/wp\/v2\/pages\/342"}],"collection":[{"href":"http:\/\/www.ryadsalama.com\/index.php?rest_route=\/wp\/v2\/pages"}],"about":[{"href":"http:\/\/www.ryadsalama.com\/index.php?rest_route=\/wp\/v2\/types\/page"}],"author":[{"embeddable":true,"href":"http:\/\/www.ryadsalama.com\/index.php?rest_route=\/wp\/v2\/users\/1"}],"replies":[{"embeddable":true,"href":"http:\/\/www.ryadsalama.com\/index.php?rest_route=%2Fwp%2Fv2%2Fcomments&post=342"}],"version-history":[{"count":2,"href":"http:\/\/www.ryadsalama.com\/index.php?rest_route=\/wp\/v2\/pages\/342\/revisions"}],"predecessor-version":[{"id":344,"href":"http:\/\/www.ryadsalama.com\/index.php?rest_route=\/wp\/v2\/pages\/342\/revisions\/344"}],"wp:attachment":[{"href":"http:\/\/www.ryadsalama.com\/index.php?rest_route=%2Fwp%2Fv2%2Fmedia&parent=342"}],"curies":[{"name":"wp","href":"https:\/\/api.w.org\/{rel}","templated":true}]}}