{"id":322,"date":"2020-10-14T11:18:34","date_gmt":"2020-10-14T09:18:34","guid":{"rendered":"http:\/\/www.ryadsalama.com\/?page_id=322"},"modified":"2020-10-26T18:40:20","modified_gmt":"2020-10-26T17:40:20","slug":"presentacion","status":"publish","type":"page","link":"http:\/\/www.ryadsalama.com\/?page_id=322&lang=es","title":{"rendered":"Presentaci\u00f3n"},"content":{"rendered":"<p>[vc_row css=\u00a0\u00bb.vc_custom_1603015950669{margin: 1px !important;padding: 1px !important;border: 0px initial !important;}\u00a0\u00bb][vc_column css=\u00a0\u00bb.vc_custom_1603016132952{margin: 1px !important;padding: 1px !important;border: 0px initial !important;}\u00a0\u00bb]\n\t\t\t<!-- START accueil REVOLUTION SLIDER 6.2.23 --><p class=\"rs-p-wp-fix\"><\/p>\n\t\t\t<rs-module-wrap id=\"rev_slider_3_1_wrapper\" data-source=\"gallery\" style=\"background:transparent;padding:0;margin:0px auto;margin-top:0;margin-bottom:0;\">\n\t\t\t\t<rs-module id=\"rev_slider_3_1\" style=\"\" data-version=\"6.2.23\">\n\t\t\t\t\t<rs-slides>\n\t\t\t\t\t\t<rs-slide data-key=\"rs-4\" data-title=\"Slide\" data-anim=\"ei:d;eo:d;s:400ms;r:0;t:fade;sl:0;\" data-sloop=\"s:0;e:9940;\">\n\t\t\t\t\t\t\t<img src=\"\/\/www.ryadsalama.com\/wp-content\/plugins\/revslider\/public\/assets\/assets\/transparent.png\" alt=\"Slide\" title=\"Presentaci\u00f3n\" class=\"rev-slidebg\" data-no-retina>\n<!--\n\t\t\t\t\t\t\t--><rs-layer\n\t\t\t\t\t\t\t\tid=\"slider-3-slide-4-layer-6\" \n\t\t\t\t\t\t\t\tdata-type=\"image\"\n\t\t\t\t\t\t\t\tdata-rsp_ch=\"on\"\n\t\t\t\t\t\t\t\tdata-xy=\"yo:-3px,-2px,-1px,0;\"\n\t\t\t\t\t\t\t\tdata-text=\"w:normal;s:20,16,12,7;l:0,20,15,9;\"\n\t\t\t\t\t\t\t\tdata-dim=\"w:1240px,1024px,778px,480px;h:120px,99px,75px,46px;\"\n\t\t\t\t\t\t\t\tdata-frame_1=\"sp:1200;\"\n\t\t\t\t\t\t\t\tdata-frame_999=\"o:0;st:w;sp:400;sR:9800;\"\n\t\t\t\t\t\t\t\tstyle=\"z-index:8;\"\n\t\t\t\t\t\t\t><img src=\"\/\/www.ryadsalama.com\/wp-content\/uploads\/slider1.jpg\" width=\"1240\" height=\"120\" data-no-retina> \n\t\t\t\t\t\t\t<\/rs-layer><!--\n\n\t\t\t\t\t\t\t--><rs-layer\n\t\t\t\t\t\t\t\tid=\"slider-3-slide-4-layer-9\" \n\t\t\t\t\t\t\t\tdata-type=\"image\"\n\t\t\t\t\t\t\t\tdata-rsp_ch=\"on\"\n\t\t\t\t\t\t\t\tdata-text=\"w:normal;s:20,16,12,7;l:0,20,15,9;\"\n\t\t\t\t\t\t\t\tdata-dim=\"w:1240px,1024px,778px,480px;h:120px,99px,75px,46px;\"\n\t\t\t\t\t\t\t\tdata-frame_1=\"st:1090;sp:1200;sR:1090;\"\n\t\t\t\t\t\t\t\tdata-frame_999=\"o:0;st:w;sp:390;sR:8710;\"\n\t\t\t\t\t\t\t\tstyle=\"z-index:9;\"\n\t\t\t\t\t\t\t><img src=\"\/\/www.ryadsalama.com\/wp-content\/uploads\/slider2.jpg\" width=\"1240\" height=\"120\" data-no-retina> \n\t\t\t\t\t\t\t<\/rs-layer><!--\n\n\t\t\t\t\t\t\t--><rs-layer\n\t\t\t\t\t\t\t\tid=\"slider-3-slide-4-layer-10\" \n\t\t\t\t\t\t\t\tdata-type=\"image\"\n\t\t\t\t\t\t\t\tdata-rsp_ch=\"on\"\n\t\t\t\t\t\t\t\tdata-text=\"w:normal;s:20,16,12,7;l:0,20,15,9;\"\n\t\t\t\t\t\t\t\tdata-dim=\"w:1240px,1024px,778px,480px;h:120px,99px,75px,46px;\"\n\t\t\t\t\t\t\t\tdata-frame_1=\"st:2180;sp:1200;sR:2180;\"\n\t\t\t\t\t\t\t\tdata-frame_999=\"o:0;st:w;sp:400;sR:7620;\"\n\t\t\t\t\t\t\t\tstyle=\"z-index:10;\"\n\t\t\t\t\t\t\t><img src=\"\/\/www.ryadsalama.com\/wp-content\/uploads\/slider3.jpg\" width=\"1240\" height=\"120\" data-no-retina> \n\t\t\t\t\t\t\t<\/rs-layer><!--\n\n\t\t\t\t\t\t\t--><rs-layer\n\t\t\t\t\t\t\t\tid=\"slider-3-slide-4-layer-12\" \n\t\t\t\t\t\t\t\tdata-type=\"image\"\n\t\t\t\t\t\t\t\tdata-rsp_ch=\"on\"\n\t\t\t\t\t\t\t\tdata-text=\"w:normal;s:20,16,12,7;l:0,20,15,9;\"\n\t\t\t\t\t\t\t\tdata-dim=\"w:1240px,1024px,778px,480px;h:120px,99px,75px,46px;\"\n\t\t\t\t\t\t\t\tdata-frame_1=\"st:4380;sp:1200;sR:4380;\"\n\t\t\t\t\t\t\t\tdata-frame_999=\"o:0;st:w;sp:400;sR:5420;\"\n\t\t\t\t\t\t\t\tstyle=\"z-index:12;\"\n\t\t\t\t\t\t\t><img src=\"\/\/www.ryadsalama.com\/wp-content\/uploads\/slider5.jpg\" width=\"1240\" height=\"120\" data-no-retina> \n\t\t\t\t\t\t\t<\/rs-layer><!--\n\n\t\t\t\t\t\t\t--><rs-layer\n\t\t\t\t\t\t\t\tid=\"slider-3-slide-4-layer-13\" \n\t\t\t\t\t\t\t\tdata-type=\"image\"\n\t\t\t\t\t\t\t\tdata-rsp_ch=\"on\"\n\t\t\t\t\t\t\t\tdata-text=\"w:normal;s:20,16,12,7;l:0,20,15,9;\"\n\t\t\t\t\t\t\t\tdata-dim=\"w:1240px,1024px,778px,480px;h:120px,99px,75px,46px;\"\n\t\t\t\t\t\t\t\tdata-frame_1=\"st:5460;sp:1200;sR:5460;\"\n\t\t\t\t\t\t\t\tdata-frame_999=\"o:0;st:w;sp:400;sR:4340;\"\n\t\t\t\t\t\t\t\tstyle=\"z-index:13;\"\n\t\t\t\t\t\t\t><img src=\"\/\/www.ryadsalama.com\/wp-content\/uploads\/slider6.jpg\" width=\"1240\" height=\"120\" data-no-retina> \n\t\t\t\t\t\t\t<\/rs-layer><!--\n\n\t\t\t\t\t\t\t--><rs-layer\n\t\t\t\t\t\t\t\tid=\"slider-3-slide-4-layer-14\" \n\t\t\t\t\t\t\t\tdata-type=\"image\"\n\t\t\t\t\t\t\t\tdata-rsp_ch=\"on\"\n\t\t\t\t\t\t\t\tdata-text=\"w:normal;s:20,16,12,7;l:0,20,15,9;\"\n\t\t\t\t\t\t\t\tdata-dim=\"w:1240px,1024px,778px,480px;h:120px,99px,75px,46px;\"\n\t\t\t\t\t\t\t\tdata-frame_1=\"st:6580;sp:1200;sR:6580;\"\n\t\t\t\t\t\t\t\tdata-frame_999=\"o:0;st:w;sp:400;sR:3220;\"\n\t\t\t\t\t\t\t\tstyle=\"z-index:14;\"\n\t\t\t\t\t\t\t><img src=\"\/\/www.ryadsalama.com\/wp-content\/uploads\/slider7.jpg\" width=\"1240\" height=\"120\" data-no-retina> \n\t\t\t\t\t\t\t<\/rs-layer><!--\n\n\t\t\t\t\t\t\t--><rs-layer\n\t\t\t\t\t\t\t\tid=\"slider-3-slide-4-layer-15\" \n\t\t\t\t\t\t\t\tdata-type=\"image\"\n\t\t\t\t\t\t\t\tdata-rsp_ch=\"on\"\n\t\t\t\t\t\t\t\tdata-text=\"w:normal;s:20,16,12,7;l:0,20,15,9;\"\n\t\t\t\t\t\t\t\tdata-dim=\"w:1240px,1024px,778px,480px;h:120px,99px,75px,46px;\"\n\t\t\t\t\t\t\t\tdata-frame_1=\"st:7640;sp:1220;sR:7640;\"\n\t\t\t\t\t\t\t\tdata-frame_999=\"o:0;st:w;sp:400;sR:2140;\"\n\t\t\t\t\t\t\t\tstyle=\"z-index:15;\"\n\t\t\t\t\t\t\t><img src=\"\/\/www.ryadsalama.com\/wp-content\/uploads\/slider8.jpg\" width=\"1240\" height=\"120\" data-no-retina> \n\t\t\t\t\t\t\t<\/rs-layer><!--\n\n\t\t\t\t\t\t\t--><rs-layer\n\t\t\t\t\t\t\t\tid=\"slider-3-slide-4-layer-16\" \n\t\t\t\t\t\t\t\tdata-type=\"image\"\n\t\t\t\t\t\t\t\tdata-rsp_ch=\"on\"\n\t\t\t\t\t\t\t\tdata-text=\"w:normal;s:20,16,12,7;l:0,20,15,9;\"\n\t\t\t\t\t\t\t\tdata-dim=\"w:1240px,1024px,778px,480px;h:120px,99px,75px,46px;\"\n\t\t\t\t\t\t\t\tdata-frame_1=\"st:8760;sp:1200;sR:8760;\"\n\t\t\t\t\t\t\t\tdata-frame_999=\"o:0;st:w;sp:400;sR:1040;\"\n\t\t\t\t\t\t\t\tstyle=\"z-index:16;\"\n\t\t\t\t\t\t\t><img src=\"\/\/www.ryadsalama.com\/wp-content\/uploads\/slider9.jpg\" width=\"1240\" height=\"120\" data-no-retina> \n\t\t\t\t\t\t\t<\/rs-layer><!--\n\n\t\t\t\t\t\t\t--><rs-layer\n\t\t\t\t\t\t\t\tid=\"slider-3-slide-4-layer-17\" \n\t\t\t\t\t\t\t\tdata-type=\"image\"\n\t\t\t\t\t\t\t\tdata-rsp_ch=\"on\"\n\t\t\t\t\t\t\t\tdata-text=\"w:normal;s:20,16,12,7;l:0,20,15,9;\"\n\t\t\t\t\t\t\t\tdata-dim=\"w:1240px,1024px,778px,480px;h:120px,99px,75px,46px;\"\n\t\t\t\t\t\t\t\tdata-frame_1=\"st:3280;sp:1200;sR:3280;\"\n\t\t\t\t\t\t\t\tdata-frame_999=\"o:0;st:w;sp:400;sR:6520;\"\n\t\t\t\t\t\t\t\tstyle=\"z-index:11;\"\n\t\t\t\t\t\t\t><img src=\"\/\/www.ryadsalama.com\/wp-content\/uploads\/slider4-1.jpg\" width=\"1240\" height=\"120\" data-no-retina> \n\t\t\t\t\t\t\t<\/rs-layer><!--\n-->\t\t\t\t\t\t<\/rs-slide>\n\t\t\t\t\t<\/rs-slides>\n\t\t\t\t<\/rs-module>\n\t\t\t\t<script type=\"text\/javascript\">\n\t\t\t\t\tsetREVStartSize({c: 'rev_slider_3_1',rl:[1240,1024,778,480],el:[120,768,960,720],gw:[1240,1024,778,480],gh:[120,768,960,720],type:'standard',justify:'',layout:'fullwidth',mh:\"0\"});\n\t\t\t\t\tvar\trevapi3,\n\t\t\t\t\t\ttpj;\n\t\t\t\t\tfunction revinit_revslider31() {\n\t\t\t\t\tjQuery(function() {\n\t\t\t\t\t\ttpj = jQuery;\n\t\t\t\t\t\trevapi3 = tpj(\"#rev_slider_3_1\");\n\t\t\t\t\t\tif(revapi3==undefined || revapi3.revolution == undefined){\n\t\t\t\t\t\t\trevslider_showDoubleJqueryError(\"rev_slider_3_1\");\n\t\t\t\t\t\t}else{\n\t\t\t\t\t\t\trevapi3.revolution({\n\t\t\t\t\t\t\t\tsliderLayout:\"fullwidth\",\n\t\t\t\t\t\t\t\tduration:\"10000ms\",\n\t\t\t\t\t\t\t\tvisibilityLevels:\"1240,1024,778,480\",\n\t\t\t\t\t\t\t\tgridwidth:\"1240,1024,778,480\",\n\t\t\t\t\t\t\t\tgridheight:\"120,768,960,720\",\n\t\t\t\t\t\t\t\tspinner:\"spinner11\",\n\t\t\t\t\t\t\t\tperspective:600,\n\t\t\t\t\t\t\t\tperspectiveType:\"global\",\n\t\t\t\t\t\t\t\teditorheight:\"120,768,960,720\",\n\t\t\t\t\t\t\t\tresponsiveLevels:\"1240,1024,778,480\",\n\t\t\t\t\t\t\t\tshuffle:true,\n\t\t\t\t\t\t\t\tprogressBar:{disableProgressBar:true},\n\t\t\t\t\t\t\t\tnavigation: {\n\t\t\t\t\t\t\t\t\tonHoverStop:false\n\t\t\t\t\t\t\t\t},\n\t\t\t\t\t\t\t\tfallbacks: {\n\t\t\t\t\t\t\t\t\tallowHTML5AutoPlayOnAndroid:true\n\t\t\t\t\t\t\t\t},\n\t\t\t\t\t\t\t});\n\t\t\t\t\t\t}\n\t\t\t\t\t\t\n\t\t\t\t\t});\n\t\t\t\t\t} \/\/ End of RevInitScript\n\t\t\t\tvar once_revslider31 = false;\n\t\t\t\tif (document.readyState === \"loading\") {document.addEventListener('readystatechange',function() { if((document.readyState === \"interactive\" || document.readyState === \"complete\") && !once_revslider31 ) { once_revslider31 = true; revinit_revslider31();}});} else {once_revslider31 = true; revinit_revslider31();}\n\t\t\t\t<\/script>\n\t\t\t<\/rs-module-wrap>\n\t\t\t<!-- END REVOLUTION SLIDER -->\n[\/vc_column][\/vc_row][vc_row css=\u00a0\u00bb.vc_custom_1603015983451{margin: 1px !important;padding: 1px !important;border: 0px initial !important;}\u00a0\u00bb][vc_column width=\u00a0\u00bb3\/4&Prime;][vc_row_inner][vc_column_inner][vc_column_text]<strong>El Ryad \u2026<\/strong><\/p>\n<p>Despu\u00e9s de un largo recorrido por el mundo de la hosteler\u00eda internacional, por el medio oriente, EEUU, \u00c1frica del Sur y Europa, Michel llega a<strong>\u00a0Fez\u00a0<\/strong>en al a\u00f1o 2000.<\/p>\n<p>Su pasi\u00f3n por la ciudad le conduce a comprar un Ryad, que restaur\u00f3 durante cinco a\u00f1os. Despu\u00e9s de sus esfuerzos, paciencia, e inversi\u00f3n, Michel termina las obras de\u00a0<em><strong>Ryad Salama<\/strong><\/em>.[\/vc_column_text][\/vc_column_inner][\/vc_row_inner][vc_column_text]El Ryad fu\u00e9 construido al principios del siglo pasado por Mohammed Chergui, un arist\u00f3crata de la \u00e9poca.\u00a0<strong>Es un Ryad bastante \u00fanico<\/strong>[\/vc_column_text][vc_column_text]<\/p>\n<p style=\"text-align: left;\" align=\"center\">por el hecho de que cada habitaci\u00f3n da al jard\u00edn,\u00a0<strong>o por balc\u00f3n privado<\/strong>\u00a0o por su situaci\u00f3n en la planta baja.<\/p>\n<p style=\"text-align: left;\" align=\"center\">Debido a su situaci\u00f3n, entre las dos calles principales de la medina,\u00a0<em><strong>Ryad Salama<\/strong><\/em>\u00a0es en realidad un oasis encantador, accesible por el aparcamiento de \u00ab\u00a0<strong><em>Ain Azliten<\/em><\/strong>\u00ab\u00a0<\/p>\n<p>[\/vc_column_text][vc_column_text]Michel, un profesional de la industria hotelera, ofrece las mejores comodidades anticipando los deseos y expectativas de sus clientes, convirtiendo Ryad Salama en una casa de hu\u00e9spedes con encanto, donde el servicio y la bienvenida sobrepasen la atenci\u00f3n a los detalles.<\/p>\n<p>Este ryad fue restaurado de la manera tradicional, utilizando artesanos de la medina, y Michel ha decorado con gusto todas las habitaciones para hacer de\u00a0<em><strong>Ryad Salama<\/strong><\/em>\u00a0<strong>un lugar sereno para los amantes de la tranquilidad.[\/vc_column_text][vc_column_text]Ryad Salama<\/strong>\u00a0ofrece\u00a0<strong>6 habitaciones<\/strong>\u00a0(todas amuebladas lujosamente),\u00a0<strong>1 suite, y piscina<\/strong>. Se ha tomado en cuenta el medio ambiente, empleando paneles solares para calentar agua, y ahorrando energ\u00eda con bombillas de bajo voltaje.[\/vc_column_text][\/vc_column][vc_column width=\u00a0\u00bb1\/4&Prime;][vc_column_text]<\/p>\n<h3 style=\"text-align: center;\">COVID-19 : Viaje con confianza en Ryad Salama<\/h3>\n<p>[\/vc_column_text][vc_column_text]<em>Todo el equipo de Ryad Salama est\u00e1 listo para darte la bienvenida en tu pr\u00f3ximo viaje!<\/em><\/p>\n<p><em>\u00a0Su salud y seguridad es una prioridad y hacemos todo lo posible para ofrecerle el mejor servicio posible.<\/em><\/p>\n<p><em>Todos nuestros empleados est\u00e1n capacitados en las normas de higiene y salud recomendadas por la Organizaci\u00f3n Mundial de la Salud. Adem\u00e1s, a diferencia de las casas tradicionales Fassi, nuestra Ryad tiene una arquitectura \u00fanica que se abre a un gran jard\u00edn verde.<\/em><\/p>\n<p><em>Se respetan las reglas de distanciamiento social vigentes, ya que todas nuestras habitaciones son independientes, con un espacio exterior privado, que permite disfrutar del sol en completa privacidad.<\/em><\/p>\n<p><em>Los desayunos y todas las dem\u00e1s comidas se sirven al aire libre en el jard\u00edn, en mesas espaciadas en medio del verdor.<\/em><\/p>\n<p>Viaje con confianza en Ryad Salama, y esperamos darle la bienvenida a esta maravillosa ciudad de Fez.[\/vc_column_text][\/vc_column][\/vc_row]<\/p>\n","protected":false},"excerpt":{"rendered":"<p>[vc_row css=\u00a0\u00bb.vc_custom_1603015950669{margin: 1px !important;padding: 1px !important;border: 0px initial !important;}\u00a0\u00bb][vc_column css=\u00a0\u00bb.vc_custom_1603016132952{margin: 1px !important;padding: 1px !important;border: 0px initial !important;}\u00a0\u00bb][\/vc_column][\/vc_row][vc_row css=\u00a0\u00bb.vc_custom_1603015983451{margin: 1px !important;padding: 1px !important;border: 0px initial !important;}\u00a0\u00bb][vc_column width=\u00a0\u00bb3\/4&Prime;][vc_row_inner][vc_column_inner][vc_column_text]El Ryad \u2026 Despu\u00e9s de un largo recorrido por el mundo de la hosteler\u00eda internacional,&#8230;<\/p>\n","protected":false},"author":1,"featured_media":0,"parent":0,"menu_order":0,"comment_status":"closed","ping_status":"open","template":"","meta":[],"_links":{"self":[{"href":"http:\/\/www.ryadsalama.com\/index.php?rest_route=\/wp\/v2\/pages\/322"}],"collection":[{"href":"http:\/\/www.ryadsalama.com\/index.php?rest_route=\/wp\/v2\/pages"}],"about":[{"href":"http:\/\/www.ryadsalama.com\/index.php?rest_route=\/wp\/v2\/types\/page"}],"author":[{"embeddable":true,"href":"http:\/\/www.ryadsalama.com\/index.php?rest_route=\/wp\/v2\/users\/1"}],"replies":[{"embeddable":true,"href":"http:\/\/www.ryadsalama.com\/index.php?rest_route=%2Fwp%2Fv2%2Fcomments&post=322"}],"version-history":[{"count":6,"href":"http:\/\/www.ryadsalama.com\/index.php?rest_route=\/wp\/v2\/pages\/322\/revisions"}],"predecessor-version":[{"id":614,"href":"http:\/\/www.ryadsalama.com\/index.php?rest_route=\/wp\/v2\/pages\/322\/revisions\/614"}],"wp:attachment":[{"href":"http:\/\/www.ryadsalama.com\/index.php?rest_route=%2Fwp%2Fv2%2Fmedia&parent=322"}],"curies":[{"name":"wp","href":"https:\/\/api.w.org\/{rel}","templated":true}]}}