{"id":316,"date":"2020-10-14T10:32:28","date_gmt":"2020-10-14T08:32:28","guid":{"rendered":"http:\/\/www.ryadsalama.com\/?page_id=316"},"modified":"2020-10-14T23:59:53","modified_gmt":"2020-10-14T21:59:53","slug":"habitaciones-y-suites","status":"publish","type":"page","link":"http:\/\/www.ryadsalama.com\/?page_id=316&lang=es","title":{"rendered":"Habitaciones y Suites"},"content":{"rendered":"<p>[vc_row css=\u00a0\u00bb.vc_custom_1529086091663{margin: 0px !important;border-width: 0px !important;padding: 0px !important;}\u00a0\u00bb][vc_column width=\u00a0\u00bb1\/2&Prime;][vc_column_text]<\/p>\n<p>Michel ha restaurado todas las habitaciones y el suite, d\u00e1ndole a cada una un encanto unico. Ha mezclado antig\u00fcedades francesas con artesan\u00eda marroqu\u00ed. Utilizando un despliegue de colores, ha dado un toque de calidez a este ambiente relajante.<br \/>\nTodas las habitaciones est\u00e1n equipados con un<strong>\u00a0climatisation, ba\u00f1o completo con ba\u00f1era o ducha, aseos independientes, secadores, y cajas de seguridad<\/strong>.<br \/>\nCuando madruga, disfruta del jard\u00edn y el canto de los pajaros. Cuando llega el atardecer, escucha el sonido de la fuente mientras que disfrute de una copa en su balc\u00f3n privado.<br \/>\nTodas las habitaciones est\u00e1n equipados para alojar una tercera persona (consulta la pol\u00edtica de camas adicionales).<\/p>\n<p>[\/vc_column_text][vc_raw_html]JTNDYSUyMGhyZWYlM0QlMjJodHRwcyUzQSUyRiUyRmFwcC50aGVib29raW5nYnV0dG9uLmNvbSUyRnByb3BlcnRpZXMlMkZyeWFkc2FsYW1hZGlyZWN0JTIyJTIwdGFyZ2V0JTNEJTIyX2JsYW5rJTIyJTIwYWx0JTNEJTIyUmVzZXJ2YSUyMGVuJTIwbGluZWElMjIlMjAlM0UlM0NpbWclMjBzcmMlM0QlMjJodHRwJTNBJTJGJTJGd3d3LnJ5YWRzYWxhbWEuY29tJTJGYm91dG9uLXJlc2VydmVyLnBuZyUyMiUyMCUyMHdpZHRoJTNEJTIyMjAwcHglMjIlM0UlM0MlMkZhJTNF[\/vc_raw_html][\/vc_column][vc_column width=\u00a0\u00bb1\/2&Prime;][vc_column_text css=\u00a0\u00bb.vc_custom_1602705285198{margin-top: 0px !important;margin-right: 0px !important;margin-bottom: 0px !important;margin-left: 0px !important;padding-top: 0px !important;padding-right: 0px !important;padding-bottom: 0px !important;padding-left: 0px !important;}\u00a0\u00bb]<\/p>\n<h4 style=\"text-align: left;\">Habitaciones<\/h4>\n<p>[\/vc_column_text]<div class=\"woocommerce columns-4 \"><div class=\"woo-content row  \">\r\n<div class=\"col-md-3 load-element shop-classic product type-product post-299 status-publish first instock has-post-thumbnail shipping-taxable product-type-simple\">\r\n\t<div class=\"woo-product-item\"><div class=\"product-img amz-product-thumbnail\"><a href=\"http:\/\/www.ryadsalama.com\/?product=amandine&#038;lang=es\"><img alt=\"\" src=\"http:\/\/www.ryadsalama.com\/wp-content\/uploads\/amandine1.png\"><img alt=\"\" class=\"amz-image-swap\" src=\"http:\/\/www.ryadsalama.com\/wp-content\/uploads\/amandine3.png\"><\/a><div class=\"product-hover product-icons\"><a href=\"http:\/\/www.ryadsalama.com\/?product=amandine&#038;lang=es\" data-quantity=\"1\" class=\"button product_type_simple\" data-product_id=\"299\" data-product_sku=\"\" aria-label=\"En savoir plus sur &ldquo;Amandine&rdquo;\" rel=\"nofollow\">Lire la suite<\/a><\/div><\/div><div class=\"product-content clearfix\"><h4 class=\"title\"><a href=\"http:\/\/www.ryadsalama.com\/?product=amandine&#038;lang=es\">Amandine<\/a><\/h4>\n\t\t\t\r\n\t\t\t\r\n\r\n\t\t<\/div>\r\n\r\n\t<\/div>\r\n<\/div>\r\n<div class=\"col-md-3 load-element shop-classic product type-product post-350 status-publish instock has-post-thumbnail shipping-taxable product-type-simple\">\r\n\t<div class=\"woo-product-item\"><div class=\"product-img amz-product-thumbnail\"><a href=\"http:\/\/www.ryadsalama.com\/?product=capucine&#038;lang=es\"><img alt=\"\" src=\"http:\/\/www.ryadsalama.com\/wp-content\/uploads\/capucine1.png\"><img alt=\"\" class=\"amz-image-swap\" src=\"http:\/\/www.ryadsalama.com\/wp-content\/uploads\/capucine2.png\"><\/a><div class=\"product-hover product-icons\"><a href=\"http:\/\/www.ryadsalama.com\/?product=capucine&#038;lang=es\" data-quantity=\"1\" class=\"button product_type_simple\" data-product_id=\"350\" data-product_sku=\"\" aria-label=\"En savoir plus sur &ldquo;Capucine&rdquo;\" rel=\"nofollow\">Lire la suite<\/a><\/div><\/div><div class=\"product-content clearfix\"><h4 class=\"title\"><a href=\"http:\/\/www.ryadsalama.com\/?product=capucine&#038;lang=es\">Capucine<\/a><\/h4>\n\t\t\t\r\n\t\t\t\r\n\r\n\t\t<\/div>\r\n\r\n\t<\/div>\r\n<\/div>\r\n<div class=\"col-md-3 load-element shop-classic product type-product post-360 status-publish instock has-post-thumbnail shipping-taxable product-type-simple\">\r\n\t<div class=\"woo-product-item\"><div class=\"product-img amz-product-thumbnail\"><a href=\"http:\/\/www.ryadsalama.com\/?product=chocolatine&#038;lang=es\"><img alt=\"\" src=\"http:\/\/www.ryadsalama.com\/wp-content\/uploads\/chocolatine1.png\"><img alt=\"\" class=\"amz-image-swap\" src=\"http:\/\/www.ryadsalama.com\/wp-content\/uploads\/chocolatine2.png\"><\/a><div class=\"product-hover product-icons\"><a href=\"http:\/\/www.ryadsalama.com\/?product=chocolatine&#038;lang=es\" data-quantity=\"1\" class=\"button product_type_simple\" data-product_id=\"360\" data-product_sku=\"\" aria-label=\"En savoir plus sur &ldquo;Chocolatine&rdquo;\" rel=\"nofollow\">Lire la suite<\/a><\/div><\/div><div class=\"product-content clearfix\"><h4 class=\"title\"><a href=\"http:\/\/www.ryadsalama.com\/?product=chocolatine&#038;lang=es\">Chocolatine<\/a><\/h4>\n\t\t\t\r\n\t\t\t\r\n\r\n\t\t<\/div>\r\n\r\n\t<\/div>\r\n<\/div>\r\n<div class=\"col-md-3 load-element shop-classic product type-product post-365 status-publish last instock has-post-thumbnail shipping-taxable product-type-simple\">\r\n\t<div class=\"woo-product-item\"><div class=\"product-img amz-product-thumbnail\"><a href=\"http:\/\/www.ryadsalama.com\/?product=clementine&#038;lang=es\"><img alt=\"\" src=\"http:\/\/www.ryadsalama.com\/wp-content\/uploads\/clementine1.png\"><img alt=\"\" class=\"amz-image-swap\" src=\"http:\/\/www.ryadsalama.com\/wp-content\/uploads\/clementine3.png\"><\/a><div class=\"product-hover product-icons\"><a href=\"http:\/\/www.ryadsalama.com\/?product=clementine&#038;lang=es\" data-quantity=\"1\" class=\"button product_type_simple\" data-product_id=\"365\" data-product_sku=\"\" aria-label=\"En savoir plus sur &ldquo;Clementine&rdquo;\" rel=\"nofollow\">Lire la suite<\/a><\/div><\/div><div class=\"product-content clearfix\"><h4 class=\"title\"><a href=\"http:\/\/www.ryadsalama.com\/?product=clementine&#038;lang=es\">Clementine<\/a><\/h4>\n\t\t\t\r\n\t\t\t\r\n\r\n\t\t<\/div>\r\n\r\n\t<\/div>\r\n<\/div>\r\n<\/div>\r\n<\/div>[vc_separator][vc_column_text css=\u00a0\u00bb.vc_custom_1602705253412{margin-top: 0px !important;margin-right: 0px !important;margin-bottom: 0px !important;margin-left: 0px !important;padding-top: 0px !important;padding-right: 0px !important;padding-bottom: 0px !important;padding-left: 0px !important;}\u00a0\u00bb]<\/p>\n<h4 style=\"text-align: left;\"><strong>Suites<\/strong><\/h4>\n<p>[\/vc_column_text]<div class=\"woocommerce columns-4 \"><div class=\"woo-content row  \">\r\n<div class=\"col-md-3 load-element shop-classic product type-product post-289 status-publish first instock has-post-thumbnail shipping-taxable product-type-simple\">\r\n\t<div class=\"woo-product-item\"><div class=\"product-img amz-product-thumbnail\"><a href=\"http:\/\/www.ryadsalama.com\/?product=aubergine&#038;lang=es\"><img alt=\"\" src=\"http:\/\/www.ryadsalama.com\/wp-content\/uploads\/aubergine5.png\"><img alt=\"\" class=\"amz-image-swap\" src=\"http:\/\/www.ryadsalama.com\/wp-content\/uploads\/aubergine1.png\"><\/a><div class=\"product-hover product-icons\"><a href=\"http:\/\/www.ryadsalama.com\/?product=aubergine&#038;lang=es\" data-quantity=\"1\" class=\"button product_type_simple\" data-product_id=\"289\" data-product_sku=\"\" aria-label=\"En savoir plus sur &ldquo;Aubergine&rdquo;\" rel=\"nofollow\">Lire la suite<\/a><\/div><\/div><div class=\"product-content clearfix\"><h4 class=\"title\"><a href=\"http:\/\/www.ryadsalama.com\/?product=aubergine&#038;lang=es\">Aubergine<\/a><\/h4>\n\t\t\t\r\n\t\t\t\r\n\r\n\t\t<\/div>\r\n\r\n\t<\/div>\r\n<\/div>\r\n<div class=\"col-md-3 load-element shop-classic product type-product post-380 status-publish instock has-post-thumbnail shipping-taxable product-type-simple\">\r\n\t<div class=\"woo-product-item\"><div class=\"product-img amz-product-thumbnail\"><a href=\"http:\/\/www.ryadsalama.com\/?product=eglantine&#038;lang=es\"><img alt=\"\" src=\"http:\/\/www.ryadsalama.com\/wp-content\/uploads\/eglantine2.png\"><img alt=\"\" class=\"amz-image-swap\" src=\"http:\/\/www.ryadsalama.com\/wp-content\/uploads\/eglantine1.png\"><\/a><div class=\"product-hover product-icons\"><a href=\"http:\/\/www.ryadsalama.com\/?product=eglantine&#038;lang=es\" data-quantity=\"1\" class=\"button product_type_simple\" data-product_id=\"380\" data-product_sku=\"\" aria-label=\"En savoir plus sur &ldquo;Eglantine&rdquo;\" rel=\"nofollow\">Lire la suite<\/a><\/div><\/div><div class=\"product-content clearfix\"><h4 class=\"title\"><a href=\"http:\/\/www.ryadsalama.com\/?product=eglantine&#038;lang=es\">Eglantine<\/a><\/h4>\n\t\t\t\r\n\t\t\t\r\n\r\n\t\t<\/div>\r\n\r\n\t<\/div>\r\n<\/div>\r\n<div class=\"col-md-3 load-element shop-classic product type-product post-276 status-publish instock has-post-thumbnail shipping-taxable product-type-simple\">\r\n\t<div class=\"woo-product-item\"><div class=\"product-img amz-product-thumbnail\"><a href=\"http:\/\/www.ryadsalama.com\/?product=grenadine&#038;lang=es\"><img alt=\"\" src=\"http:\/\/www.ryadsalama.com\/wp-content\/uploads\/grenadine3.png\"><img alt=\"\" class=\"amz-image-swap\" src=\"http:\/\/www.ryadsalama.com\/wp-content\/uploads\/grenadine1.png\"><\/a><div class=\"product-hover product-icons\"><a href=\"http:\/\/www.ryadsalama.com\/?product=grenadine&#038;lang=es\" data-quantity=\"1\" class=\"button product_type_simple\" data-product_id=\"276\" data-product_sku=\"\" aria-label=\"En savoir plus sur &ldquo;Grenadine&rdquo;\" rel=\"nofollow\">Lire la suite<\/a><\/div><\/div><div class=\"product-content clearfix\"><h4 class=\"title\"><a href=\"http:\/\/www.ryadsalama.com\/?product=grenadine&#038;lang=es\">Grenadine<\/a><\/h4>\n\t\t\t\r\n\t\t\t\r\n\r\n\t\t<\/div>\r\n\r\n\t<\/div>\r\n<\/div>\r\n<\/div>\r\n<\/div>[\/vc_column][\/vc_row]<\/p>\n","protected":false},"excerpt":{"rendered":"<p>[vc_row css=\u00a0\u00bb.vc_custom_1529086091663{margin: 0px !important;border-width: 0px !important;padding: 0px !important;}\u00a0\u00bb][vc_column width=\u00a0\u00bb1\/2&Prime;][vc_column_text] Michel ha restaurado todas las habitaciones y el suite, d\u00e1ndole a cada una un encanto unico. Ha mezclado antig\u00fcedades francesas con artesan\u00eda marroqu\u00ed. Utilizando un despliegue de colores, ha dado un&#8230;<\/p>\n","protected":false},"author":1,"featured_media":0,"parent":0,"menu_order":0,"comment_status":"closed","ping_status":"open","template":"","meta":[],"_links":{"self":[{"href":"http:\/\/www.ryadsalama.com\/index.php?rest_route=\/wp\/v2\/pages\/316"}],"collection":[{"href":"http:\/\/www.ryadsalama.com\/index.php?rest_route=\/wp\/v2\/pages"}],"about":[{"href":"http:\/\/www.ryadsalama.com\/index.php?rest_route=\/wp\/v2\/types\/page"}],"author":[{"embeddable":true,"href":"http:\/\/www.ryadsalama.com\/index.php?rest_route=\/wp\/v2\/users\/1"}],"replies":[{"embeddable":true,"href":"http:\/\/www.ryadsalama.com\/index.php?rest_route=%2Fwp%2Fv2%2Fcomments&post=316"}],"version-history":[{"count":6,"href":"http:\/\/www.ryadsalama.com\/index.php?rest_route=\/wp\/v2\/pages\/316\/revisions"}],"predecessor-version":[{"id":418,"href":"http:\/\/www.ryadsalama.com\/index.php?rest_route=\/wp\/v2\/pages\/316\/revisions\/418"}],"wp:attachment":[{"href":"http:\/\/www.ryadsalama.com\/index.php?rest_route=%2Fwp%2Fv2%2Fmedia&parent=316"}],"curies":[{"name":"wp","href":"https:\/\/api.w.org\/{rel}","templated":true}]}}