{"id":224,"date":"2020-10-12T23:35:49","date_gmt":"2020-10-12T21:35:49","guid":{"rendered":"http:\/\/www.ryadsalama.com\/?page_id=224"},"modified":"2020-10-12T23:35:49","modified_gmt":"2020-10-12T21:35:49","slug":"conditions-dannulation","status":"publish","type":"page","link":"http:\/\/www.ryadsalama.com\/?page_id=224","title":{"rendered":"Conditions d&rsquo;annulation"},"content":{"rendered":"<p>[vc_row][vc_column][vc_column_text]Conditions d\u2019annulation Ryad SALAMA F\u00e8s\u00a0:<\/p>\n<p>De 15 \u00e0 7 jours avant l\u2019arriv\u00e9e = 50% du montant total de la r\u00e9servation<\/p>\n<p>De 7 \u00e0 3 jours avant l\u2019arriv\u00e9e = 75 % du montant total de la r\u00e9servation<\/p>\n<p>Moins de 3 jours avant l\u2019arriv\u00e9e = 100 % du montant total de la r\u00e9servation<\/p>\n<p>Non pr\u00e9sentation = 100 % du montant total de la r\u00e9servation[\/vc_column_text][\/vc_column][\/vc_row]<\/p>\n","protected":false},"excerpt":{"rendered":"<p>[vc_row][vc_column][vc_column_text]Conditions d\u2019annulation Ryad SALAMA F\u00e8s\u00a0: De 15 \u00e0 7 jours avant l\u2019arriv\u00e9e = 50% du montant total de la r\u00e9servation De 7 \u00e0 3 jours avant l\u2019arriv\u00e9e = 75 % du montant total de la r\u00e9servation Moins de 3 jours&#8230;<\/p>\n","protected":false},"author":1,"featured_media":0,"parent":0,"menu_order":0,"comment_status":"closed","ping_status":"closed","template":"","meta":[],"_links":{"self":[{"href":"http:\/\/www.ryadsalama.com\/index.php?rest_route=\/wp\/v2\/pages\/224"}],"collection":[{"href":"http:\/\/www.ryadsalama.com\/index.php?rest_route=\/wp\/v2\/pages"}],"about":[{"href":"http:\/\/www.ryadsalama.com\/index.php?rest_route=\/wp\/v2\/types\/page"}],"author":[{"embeddable":true,"href":"http:\/\/www.ryadsalama.com\/index.php?rest_route=\/wp\/v2\/users\/1"}],"replies":[{"embeddable":true,"href":"http:\/\/www.ryadsalama.com\/index.php?rest_route=%2Fwp%2Fv2%2Fcomments&post=224"}],"version-history":[{"count":0,"href":"http:\/\/www.ryadsalama.com\/index.php?rest_route=\/wp\/v2\/pages\/224\/revisions"}],"wp:attachment":[{"href":"http:\/\/www.ryadsalama.com\/index.php?rest_route=%2Fwp%2Fv2%2Fmedia&parent=224"}],"curies":[{"name":"wp","href":"https:\/\/api.w.org\/{rel}","templated":true}]}}